{"id":271,"date":"2024-10-31T10:58:44","date_gmt":"2024-10-31T10:58:44","guid":{"rendered":"http:\/\/www.praxis-schoenian.de\/?page_id=271"},"modified":"2024-10-31T11:02:18","modified_gmt":"2024-10-31T11:02:18","slug":"brief-an-landkreis-aur","status":"publish","type":"page","link":"https:\/\/www.praxis-schoenian.de\/?page_id=271","title":{"rendered":"Brief an Landkreis AUR"},"content":{"rendered":"<p>Im April 2024 haben niedergelassene \u00c4rztinnen und \u00c4rzte wegen der sich &#8211; insbesondere nach Schlie\u00dfung des Krankenhauses Norden &#8211; drastisch weiter verschlechternden Situation der Gesundheitsversorgung einen Brief an die Kreisverwaltung und den Kreistag Aurich geschickt.<\/p>\n<p>Hier der Brief im Wortlaut:<\/p>\n<p>Abs.: die unterzeichnenden niedergelassenen \u00c4rztinnen und \u00c4rzte<\/p>\n<p>c\/o\u00a0\u00a0 Dr. med. Axel Sch\u00f6nian<\/p>\n<p>Hauptstra\u00dfe 59<\/p>\n<p>26524 Hage<\/p>\n<p>&nbsp;<\/p>\n<p>An:\u00a0\u00a0\u00a0\u00a0\u00a0\u00a0\u00a0\u00a0 -Landkreis Aurich, Herrn Landrat Olaf Meinen, Fischteichweg 7-13, 26603 Aurich<\/p>\n<p>-Landkreis Aurich, Erster Kreisrat, Herrn Dr. Frank Puchert, Fischteichweg 7-13, 26603 Aurich<\/p>\n<p>-SPD-Kreistagsfraktion Aurich, Herrn Johannes Kleen, Juister Stra\u00dfe 21, 26639 Wiesmoor<\/p>\n<p>-CDU-Kreistagsfraktion Aurich, Herrn Sven Behrens, B\u00fcrgermeister-Erdmann-Stra\u00dfe 4, 26524 Berumbur<\/p>\n<p>-B\u00fcndnis 90\/ Die Gr\u00fcnen-Kreistagsfraktion Aurich, Frau Gila Altmann, Fischteichweg 7-13, 26603 Aurich;<\/p>\n<p>Herrn Gunnar Ott, Beltenkampstra\u00dfe 5, 26607 Aurich<\/p>\n<p>-FDP-Kreistagsfraktion Aurich, Frau Sarah Buss, Graf-Edzard-Stra\u00dfe 8, 26603 Aurich<\/p>\n<p>-Freie W\u00e4hler-Kreistagsfraktion Aurich, Frau Hilde Ubben, Rehweg 19, 26607 Aurich<\/p>\n<p>-AfD-Kreistagsfraktion Aurich, Herrn Jan Looden, Gerhard-de-Buhr-Ring 28, 26736 Krummh\u00f6rn<\/p>\n<p>-Die Linke im Kreistag Aurich, Frau Blanka Seelgen, Marktstra\u00dfe 19, 26603 Aurich<\/p>\n<p>&nbsp;<\/p>\n<p style=\"text-align: right;\">02.04.2024<\/p>\n<p>Sehr geehrter Herr Landrat Meinen, sehr geehrte Damen und Herren,<\/p>\n<p>wir niedergelassene \u00c4rzte aus Norden und Umgebung machen uns gro\u00dfe Sorgen \u00fcber den aktuellen und k\u00fcnf\u00adtigen Zustand der Gesundheitsversorgung vor Ort. Der Landkreis Aurich vernachl\u00e4ssigt seit Jahren die Daseins\u00advorsorge im Altkreis Norden, indem er die Versorgung am Krankenhaus Norden vors\u00e4tzlich zerst\u00f6rt (Beispiele dazu siehe Anlage).<\/p>\n<p>Da wir niedergelassene \u00c4rztinnen und \u00c4rzte die desolaten Zust\u00e4nde der Gesundheitsversorgung in Norden nicht kompensieren k\u00f6nnen, fordern wir vom Landkreis Aurich, der Tr\u00e4gergesellschaft und den kommunalen Politikern feste Vereinbarungen f\u00fcr das Niveau der medizinischen Versorgung in Norden. Die Forderungen im Einzelnen:<\/p>\n<ul>\n<li>Bis zur Inbetriebnahme der Zentralklinik ist die Einrichtung einer Basisnotfallversorgung in Norden un\u00aderl\u00e4sslich. Diese beinhaltet unter anderem Innere Abteilung, Chirurgie, Intensivsta\u00adtion mit mindestens 6 Bet\u00adten, davon 3 Beatmungsbetten, Schockraum, R\u00f6ntgen und CT und ist 24 Stunden t\u00e4glich an 7 Ta\u00adgen die Woche vorzuhalten.\u00dcber diese Basisnotfallversorgung hinaus ist der Erhalt von Palliativ- und Schmerzstation sowie der Psy\u00adchiatrie im Krankenhaus Norden f\u00fcr die Versorgung der Bev\u00f6lkerung n\u00f6tig.<\/li>\n<\/ul>\n<p>&nbsp;<\/p>\n<ul>\n<li>Alle ans\u00e4ssigen operativ t\u00e4tigen \u00c4rztinnen und \u00c4rzte m\u00fcssen die M\u00f6glichkeit haben, im Kran\u00adkenhaus Norden ambulant zu operieren und Belegbetten zu bekommen. Die Vertragsab\u00adschl\u00fcsse dazu d\u00fcrfen von der Verwaltung nicht mehr verhindert werden. Vertragsangebote sind von der Verwaltung sp\u00e4tes\u00adtens innerhalb von 3 Monaten nach Anfrage durch den Nie\u00addergelassenen zu erstellen mit dem Ziel, dass ein Vertrag zustande kommt.<\/li>\n<\/ul>\n<p>&nbsp;<\/p>\n<ul>\n<li>Im Krankenhaus Norden ist eine Endoskopie regelm\u00e4\u00dfig vorzuhalten.<\/li>\n<\/ul>\n<p>&nbsp;<\/p>\n<ul>\n<li>Der Kommunikationsstil muss sofort ge\u00e4ndert werden. Alle Beteiligten \u2013 also Mitarbeiterin\u00adnen und Mitarbeiter, Arztpraxen, Rehakliniken, Medien \/ Presse, Arbeitgeber, Bev\u00f6lkerung, Touristen \u2013 m\u00fcssen regelm\u00e4\u00dfig umfassend und wahrheitsgem\u00e4\u00df \u00fcber die Versorgungssitua\u00adtion am Krankenhausstandort Norden informiert werden.<\/li>\n<\/ul>\n<p>&nbsp;<\/p>\n<ul>\n<li>Der bisher bei der Tr\u00e4gergesellschaft und dem vom Landkreis Aurich betriebenen MVZ lie\u00adgende Anteil der Gesundheitsversorgung in Norden ist dergestalt umzustrukturieren, dass die Entscheidungsgewalt nicht bei Politikern und Gesundheitsfunktion\u00e4ren liegt, sondern schwer\u00adpunktm\u00e4\u00dfig bei fachkompeten\u00adten Personen vor Ort. Zu diesem Kreis geh\u00f6ren insbesondere die niedergelassenen \u00c4rzte aller Fachrich\u00adtungen aus der Umgebung sowie Patientenvertreter. Als erster Schritt k\u00f6nnte eine entsprechende Um\u00adbesetzung des Aufsichtsrates stattfinden.<\/li>\n<\/ul>\n<p>&nbsp;<\/p>\n<ul>\n<li>Solange die genannten Strukturen in Norden noch nicht aufgebaut sind, muss der Landkreis Aurich je\u00addem B\u00fcrger, der eine Behandlung in einem Krankenhaus ben\u00f6tigt, unb\u00fcrokratisch die Taxifahrt zu ei\u00adnem leistungsf\u00e4higen ostfriesischen Krankenhaus und wieder zur\u00fcck nach Hause finanzieren, sofern der Rettungsdienst nicht das geeignetere Transportmittel ist.<\/li>\n<\/ul>\n<p>Wir bitten um Ihre Stellungnahme.<\/p>\n<p>Bitte teilen Sie uns mit, ob und wie Sie die aktuelle Situation der station\u00e4ren Versorgung und der Not\u00adfallversor\u00adgung am Krankenhausstandort Norden verbessern wollen und werden.<\/p>\n<p>Wir bitten um eine Antwort m\u00f6glichst bis zum 20.04.24<\/p>\n<p>Mit freundlichem Gru\u00df<\/p>\n<p>Gezeichnet:<\/p>\n<p>Waldemar Bill, Facharzt f\u00fcr Allgemeinmedizin, Norden<\/p>\n<p>Tatjana Bilostotska, Fach\u00e4rztin f\u00fcr Allgemeinmedizin, Norden<\/p>\n<p>Dr. med. Falko Bode, Facharzt f\u00fcr Innere Medizin, Norden<\/p>\n<p>Thorsten Bomhard, Gyn\u00e4kologe, Norden<\/p>\n<p>Dr. med. Christiane Freese, Fach\u00e4rztin f\u00fcr Allgemeinmedizin, Norden<\/p>\n<p>Dr. med. Alexander G\u00f6bel, Orthop\u00e4de, Norden<\/p>\n<p>Georg von Hove, Facharzt f\u00fcr Allgemeinmedizin, Norden<\/p>\n<p>Holger Klar, Facharzt f\u00fcr Innere Medizin, Norden<\/p>\n<p>Dr. med. Ralf Kleinschmidt, Augenarzt, Norden<\/p>\n<p>Birgit Konieczka, Fach\u00e4rztin f\u00fcr Allgemeinmedizin, Hage<\/p>\n<p>Ebba Limmer, Fach\u00e4rztin f\u00fcr Allgemeinmedizin, Hage<\/p>\n<p>Dr. med. Christian L\u00f6nne, Facharzt f\u00fcr Allgemeinmedizin, Gro\u00dfheide<\/p>\n<p>Dr. med. Wilfried L\u00fcdeking, Facharzt f\u00fcr Kinderheilkunde, Norden<\/p>\n<p>Dr. med. Susanne Modemann, HNO-\u00c4rztin, Norden<\/p>\n<p>Gerhard Moser, Facharzt f\u00fcr Kinderheilkunde, Norden<\/p>\n<p>Enno M\u00fchlenstedt, Facharzt f\u00fcr Allgemeinmedizin, Norden<\/p>\n<p>Dr. med. Bernd Neumann-Sch\u00f6nwetter, Facharzt f\u00fcr Allgemeinmedizin, Norden<\/p>\n<p>Dr. med. Steffen Petermann, Facharzt f\u00fcr Innere Medizin, Hage<\/p>\n<p>Dr. med. Michael Schmid, Facharzt f\u00fcr Innere Medizin, Norden<\/p>\n<p>Dr. med. Axel Sch\u00f6nian, Facharzt f\u00fcr Innere Medizin, Hage<\/p>\n<p>Dr. med. Anika Scholle, Fach\u00e4rztin f\u00fcr Allgemeinmedizin, Norden<\/p>\n<p>Tobias Sickermann, Facharzt f\u00fcr Allgemeinmedizin, Norden<\/p>\n<p>Dr. med. Thomas Weyel, Urologe, Norden<\/p>\n<p>Eva Wortberg, Fach\u00e4rztin f\u00fcr Allgemeinmedizin, Hage<\/p>\n<p>Mareike Ziegler, Neurologin, Norden<\/p>\n<p>Reiner Albers, Facharzt f\u00fcr Allgemeinmedizin, Dornum<\/p>\n<p>Dr. med. Reinhard B\u00f6hlen, Facharzt f\u00fcr Neurologie und Psychiatrie, Norden<\/p>\n<p>Dr. med. Franziska Kleemann, Fach\u00e4rztin f\u00fcr Allgemeinmedizin, Dornum<\/p>\n<p>Hildegard Maas, Fach\u00e4rztin f\u00fcr Innere Medizin, Norden<\/p>\n<p>Dr. med. Oliver Reisdorf, Facharzt f\u00fcr Innere Medizin, Norden<\/p>\n<p>Bernd Schwitters, Gyn\u00e4kologe, Norden\/Esens<\/p>\n<p>Jan-Enno Taute, Facharzt f\u00fcr Allgemeinmedizin, Rechtsupweg<\/p>\n<p>Matthias Vey, Gyn\u00e4kologe, Norden<\/p>\n<p>1 Anlage<\/p>\n<p>&nbsp;<\/p>\n<p>&nbsp;<\/p>\n<p>&nbsp;<\/p>\n<p>&nbsp;<\/p>\n<p><u>Anlage<\/u>: Beispiele, die verdeutlichen, wie der Landkreis Aurich seine Aufgabe der Daseinsvorsorge in Bezug auf die Gesundheitsversorgung im Altkreis Norden missachtet.<\/p>\n<p>&nbsp;<\/p>\n<p>&nbsp;<\/p>\n<p>Die Krankenh\u00e4user in Norden, Emden und Aurich sollen durch eine Zentralklinik ersetzt werden, f\u00fcr die noch nicht einmal der Grundstein gelegt ist. Entgegen regelm\u00e4\u00dfig ge\u00e4u\u00dferter Zusagen, dass die 3 Krankenh\u00e4user bis zur Inbetriebnahme der Zentralklinik mit mindestens einer Grundversorgung erhal\u00adten bleiben, wurde diese am Standort Norden bereits am 1.7.23 eingestellt. Damit werden ca. 70.000 Einwohner im Einzugsbereich von Nor\u00adden und viele Touristen (allein \u00fcber 2 Millionen \u00dcbernachtun\u00adgen j\u00e4hrlich in Norden-Norddeich + Tagesg\u00e4ste) von der station\u00e4ren und von der Notfallversorgung vor Ort ausgeschlossen. Die n\u00e4chsten Krankenh\u00e4user der Grundversorgung sind \u00fcber 30 Kilometer entfernt.<\/p>\n<p>&nbsp;<\/p>\n<p>Wir erleben seit vielen Jahren eine Verschlechterung der station\u00e4ren internistischen und chirurgi\u00adschen Versor\u00adgung \u2013 insbesondere durch Streichungen im Krankenhaus Norden. Aktuell ist das Niveau der Versorgung im freien Fall \u2013 uns ist v\u00f6llig unklar, wie der Endzustand aussehen soll. Wir fragen uns, ob die Verantwortlichen des Landkreises Aurich selber wissen, wie der Endzustand der Versorgung in Norden sein wird.<\/p>\n<p>&nbsp;<\/p>\n<p>Der Krankenhaustr\u00e4ger handelt immer wieder inkompetent und unkooperativ, dies m\u00f6chten wir kurz mit einer Auswahl an Beispielen belegen:<\/p>\n<p>&nbsp;<\/p>\n<p>Wir erleben st\u00e4ndig Intransparenz:<\/p>\n<p>-Streichungen im Krankenhaus Norden werden weder den Arztpraxen noch der Klinikbelegschaft und auch<\/p>\n<p>nicht der Bev\u00f6lkerung von der Klinikleitung mitgeteilt. Wir erfahren von Verschlechte\u00adrungen meist \u00fcber infor\u00admelle Kontakte oder von unseren Patienten, die den Wegfall von Leistun\u00adgen selbst erlebt haben. Es gibt sehr viele Beispiele daf\u00fcr, hier nur einige:<\/p>\n<p>-die Streichung der Stelle eines Rheumatologen (Dr. Kabisch) vor mehr als 10 Jahren.<\/p>\n<p>-die Versetzung von Dr. Raytarowski (Chefarzt und Gastroenterologe) aus Norden nach Aurich.<\/p>\n<p>-die Schlie\u00dfung der Kinderstation sowie einer chirurgischen Station.<\/p>\n<p>-der Wegfall aller beleg\u00e4rztlichen Behandlungen im Krankenhaus Norden (u.a. Urologie, HNO)<\/p>\n<p>-die fehlende Information \u00fcber die aktuellen diagnostischen und therapeutischen M\u00f6glichkeiten am Stand-\u00ad<\/p>\n<p>ort Norden \u2013 die sich zum Teil w\u00f6chentlich \u00e4ndern \u2013 aber regelm\u00e4\u00dfig nicht kommuni\u00adziert wer\u00adden (es waren z.B. nach dem 1.7.23 noch Elektrokardioversionen, Herniotomien, Wundversorgungen und vieles andere m\u00f6glich \u2013 die Leitung ver\u00f6ffentlicht nicht, ob das noch m\u00f6glich ist und wenn, zu wel\u00adchen Zeiten).<\/p>\n<p>-die Er\u00f6ffnung einer kardiologischen Sprechstunde in Norden mit 10 Stunden\/Woche (Di + Do 13-18 Uhr ab<\/p>\n<p>dem 2.2.24) wird in Presseerkl\u00e4rungen als Fortschritt angepriesen. Verschwiegen wird da\u00adbei, dass die volle mit einem Kardiologen besetzte Chefarztstelle mit Erm\u00e4chtigungsam\u00adbulanz (16 Stun\u00adden\/Woche) zum 31.12.23 gestrichen worden ist. Es handelt sich also tats\u00e4ch\u00adlich um eine Verschlechte\u00adrung der Ver\u00adsorgung in Norden.<\/p>\n<p>&nbsp;<\/p>\n<p>Versprechen werden regelm\u00e4\u00dfig nicht gehalten:<\/p>\n<p>-Die Gesch\u00e4ftsf\u00fchrung um Claus Eppmann und Dr. Astrid Gesang hat mehrfach zugesagt, dass alle 3 Standorte<\/p>\n<p>(Norden, Emden, Aurich) stabil weitergef\u00fchrt werden und geordnet in eine Zentralkli\u00adnik \u00fcber\u00adf\u00fchrt werden. Im Gegenteil wurde der Standort Norden immer weiter herunter- und ge\u00adzielt an die Wand gefahren (u.a. Verset\u00adzung vom Chefarzt Dr. Raytarowski von Norden nach Au\u00adrich, damit Verlust der vollen Weiterbildungs\u00aderm\u00e4chti\u00adgung \u201eInnere Medizin\u201c und \u201eGastroentero\u00adlogie\u201c, deshalb haben sich keine neuen Assistenz\u00e4rzte mehr in Nor\u00adden beworben, darum waren viele teure Honorar\u00e4rzte n\u00f6tig. Die Verwaltung f\u00fchrt die gestiege\u00adnen Kosten jetzt als Grund f\u00fcr die Schlie\u00dfung an, obwohl sie den Kostenanstieg selbst verursacht hat).<\/p>\n<p>-Bei den B\u00fcrgerentscheiden, in denen \u00fcber eine Zentralklinik abgestimmt wurde, wurde immer deutlich for-\u00ad<\/p>\n<p>muliert, dass die Versorgung vor Ort in allen 3 Kliniken bis zur Inbetriebnahme der Zentralklinik gew\u00e4hrleis\u00adtet ist und dass nach Er\u00f6ffnung der Zentralklinik eine Notfallversorgung in den 3 betroffenen St\u00e4dten erhal\u00adten bleibt. Beides wird in Norden bereits jetzt nicht eingehalten. Die Grund- und Regelversor\u00adgung im Kran\u00adkenhaus Norden ist geschlossen.<\/p>\n<p>-Die Politik und die Verwaltung im Landkreis haben ebenfalls den Erhalt der Grundversorgung an den 3 Stand-\u00ad<\/p>\n<p>orten wiederholt zugesichert und unter anderem im Gebiets\u00e4nderungsvertag zwi\u00adschen den Kreisen Aurich und Norden sowie im Konsortialvertrag zwischen dem Landkreis Au\u00adrich und der Stadt Em\u00adden schriftlich fi\u00adxiert. Diese Vertr\u00e4ge werden jetzt mit der Schlie\u00dfung der Grundversorgung gebrochen.<\/p>\n<p>&nbsp;<\/p>\n<p>Der Landkreis Aurich (mit Tr\u00e4gergesellschaft, Kreisverwaltung und den Politikern der gro\u00dfen etablierten Par\u00adteien) ist an einer Gesundheitsversorgung im Altkreis Norden offensichtlich nicht interessiert:<\/p>\n<p>-unter Verweis auf die wirtschaftliche Situation wurde und wird die Gesundheitsversorgung in Norden in un\u00ad-<\/p>\n<p>verantwortlicher Weise heruntergefahren. Demgegen\u00fcber war vor wenigen Jahren jedoch noch ausrei\u00adchend Geld f\u00fcr Investitionen in Aurich vorhanden:<\/p>\n<p>-die schlecht laufende Gyn\u00e4kologie und Geburtshilfe in Aurich wurde durch einen teuren Austausch der<\/p>\n<p>F\u00fchrungsriege wieder funktionst\u00fcchtig gemacht. In Norden und Emden ist die entspre\u00adchende Abteilung bei einer weniger schlimmen Krise jeweils geschlossen worden.<\/p>\n<p>-in Aurich wurde vor wenigen Jahren eine kardiologische Abteilung mit Herzkatheterlabor neu aufgebaut,<\/p>\n<p>obwohl es bereits seit Jahren ein Herzkatheterlabor in Leer (30 km entfernt) und Westerstede (42 km) gab. Da die F\u00fchrungsriege in der Auricher Kardiologie anfangs inkompe\u00adtent war, wurde auch sie bereits nach einem Jahr ausge\u00adtauscht.<\/p>\n","protected":false},"excerpt":{"rendered":"<p>Im April 2024 haben niedergelassene \u00c4rztinnen und \u00c4rzte wegen der sich &#8211; insbesondere nach Schlie\u00dfung des Krankenhauses Norden &#8211; drastisch weiter verschlechternden Situation der Gesundheitsversorgung einen Brief an die Kreisverwaltung und den Kreistag Aurich geschickt. Hier der Brief im Wortlaut: Abs.: die unterzeichnenden niedergelassenen \u00c4rztinnen und \u00c4rzte c\/o\u00a0\u00a0 Dr. med.\u2026<\/p>\n<p> <a class=\"continue-reading-link\" href=\"https:\/\/www.praxis-schoenian.de\/?page_id=271\"><span>Continue reading<\/span><i class=\"crycon-right-dir\"><\/i><\/a> <\/p>\n","protected":false},"author":1,"featured_media":0,"parent":0,"menu_order":7,"comment_status":"closed","ping_status":"closed","template":"","meta":{"footnotes":""},"_links":{"self":[{"href":"https:\/\/www.praxis-schoenian.de\/index.php?rest_route=\/wp\/v2\/pages\/271"}],"collection":[{"href":"https:\/\/www.praxis-schoenian.de\/index.php?rest_route=\/wp\/v2\/pages"}],"about":[{"href":"https:\/\/www.praxis-schoenian.de\/index.php?rest_route=\/wp\/v2\/types\/page"}],"author":[{"embeddable":true,"href":"https:\/\/www.praxis-schoenian.de\/index.php?rest_route=\/wp\/v2\/users\/1"}],"replies":[{"embeddable":true,"href":"https:\/\/www.praxis-schoenian.de\/index.php?rest_route=%2Fwp%2Fv2%2Fcomments&post=271"}],"version-history":[{"count":1,"href":"https:\/\/www.praxis-schoenian.de\/index.php?rest_route=\/wp\/v2\/pages\/271\/revisions"}],"predecessor-version":[{"id":272,"href":"https:\/\/www.praxis-schoenian.de\/index.php?rest_route=\/wp\/v2\/pages\/271\/revisions\/272"}],"wp:attachment":[{"href":"https:\/\/www.praxis-schoenian.de\/index.php?rest_route=%2Fwp%2Fv2%2Fmedia&parent=271"}],"curies":[{"name":"wp","href":"https:\/\/api.w.org\/{rel}","templated":true}]}}