{"id":235,"date":"2023-02-02T11:45:36","date_gmt":"2023-02-02T11:45:36","guid":{"rendered":"http:\/\/www.praxis-schoenian.de\/?page_id=235"},"modified":"2023-02-02T11:48:20","modified_gmt":"2023-02-02T11:48:20","slug":"impressum","status":"publish","type":"page","link":"https:\/\/www.praxis-schoenian.de\/?page_id=235","title":{"rendered":"Impressum"},"content":{"rendered":"<p><u>Impressum<\/u><\/p>\n<p>&nbsp;<\/p>\n<p>Verantwortlich: (Pflichtangaben nach \u00a75 Telemediengesetz)<\/p>\n<p>&nbsp;<\/p>\n<p>Dr. med. Axel Sch\u00f6nian, Facharzt f\u00fcr Innere Medizin<\/p>\n<p>Hauptstra\u00dfe 59<\/p>\n<p>26524 Hage<\/p>\n<p>Tel. 04931-930 4040<\/p>\n<p>Fax. 04931-97 10 292<\/p>\n<p>www.praxis-schoenian.de<\/p>\n<p>&nbsp;<\/p>\n<p>Approbation verliehen in der Bundesrepublik Deutschland 01.07.1998<\/p>\n<p>&nbsp;<\/p>\n<p>Zust\u00e4ndige Aufsichtsbeh\u00f6rde:<\/p>\n<p>Kassen\u00e4rztliche Vereinigung Niedersachsen &#8211; KVN<\/p>\n<p>K\u00f6rperschaft des \u00f6ffentlichen Rechts<\/p>\n<p>Berliner Allee 22<\/p>\n<p>30175 Hannover<\/p>\n<p>www.kvn.de<\/p>\n<p>&nbsp;<\/p>\n<p>Zust\u00e4ndige Kammer:<\/p>\n<p>\u00c4rztekammer Niedersachsen<\/p>\n<p>K\u00f6rperschaft \u00f6ffentlichen Rechts<\/p>\n<p>Berliner Allee 20<\/p>\n<p>30175 Hannover<\/p>\n<p>www.aekn.de<\/p>\n<p>&nbsp;<\/p>\n<p>Berufsrechtliche Regelungen:<\/p>\n<p>&#8211; Berufsordnung der \u00c4rztekammer Niedersachsen<\/p>\n<p>&#8211; Heilberufsgesetz des Landes Niedersachsen<\/p>\n<p>&nbsp;<\/p>\n<p>Haftungsausschluss:<\/p>\n<p>&nbsp;<\/p>\n<ol>\n<li>Inhalt des Onlineangebotes<\/li>\n<\/ol>\n<p>Der Autor \u00fcbernimmt keinerlei Gew\u00e4hr f\u00fcr die Aktualit\u00e4t, Korrektheit, Vollst\u00e4ndigkeit oder Qualit\u00e4t der bereitgestellten Informationen. Haftungsanspr\u00fcche gegen den Autor, welche sich auf Sch\u00e4den materieller oder ideeller Art beziehen, die durch die Nutzung oder Nichtnutzung der dargebotenen Informationen bzw. durch die Nutzung fehlerhafter und unvollst\u00e4ndiger Informationen verursacht wurden, sind grunds\u00e4tzlich ausgeschlossen, sofern seitens des Autors kein nachweislich vors\u00e4tzliches oder grob fahrl\u00e4ssiges Verschulden vorliegt.<\/p>\n<p>Alle Angebote sind freibleibend und unverbindlich. Der Autor beh\u00e4lt es sich ausdr\u00fccklich vor, Teile der Seiten oder das gesamte Angebot ohne gesonderte Ank\u00fcndigung zu ver\u00e4ndern, zu erg\u00e4nzen, zu l\u00f6schen oder die Ver\u00f6ffentlichung zeitweise oder endg\u00fcltig einzustellen.<\/p>\n<p>&nbsp;<\/p>\n<p>Bitte beachten Sie, dass die Internetseiten allein der Information dienen und nicht der &#8222;telemedizinischen&#8220; Behandlung oder Beratung!<\/p>\n<p>&nbsp;<\/p>\n<ol start=\"2\">\n<li>Verweise und Links<\/li>\n<\/ol>\n<p>Bei direkten oder indirekten Verweisen auf fremde Webseiten (&#8222;Hyperlinks&#8220;), die au\u00dferhalb des Verantwortungsbereiches des Autors liegen, w\u00fcrde eine Haftungsverpflichtung ausschlie\u00dflich in dem Fall in Kraft treten, in dem der Autor von den Inhalten Kenntnis hat und es ihm technisch m\u00f6glich und zumutbar w\u00e4re, die Nutzung im Falle rechtswidriger Inhalte zu verhindern.<\/p>\n<p>Der Autor erkl\u00e4rt hiermit ausdr\u00fccklich, dass zum Zeitpunkt der Linksetzung keine illegalen Inhalte auf den zu verlinkenden Seiten erkennbar waren. Auf die aktuelle und zuk\u00fcnftige Gestaltung, die Inhalte oder die Urheberschaft der verlinkten\/verkn\u00fcpften Seiten hat der Autor keinerlei Einfluss. Deshalb distanziert er sich hiermit ausdr\u00fccklich von allen Inhalten aller verlinkten \/verkn\u00fcpften Seiten, die nach der Linksetzung ver\u00e4ndert wurden. Diese Feststellung gilt f\u00fcr alle innerhalb des eigenen Internetangebotes gesetzten Links und Verweise sowie f\u00fcr Fremdeintr\u00e4ge in vom Autor eingerichteten G\u00e4steb\u00fcchern, Diskussionsforen, Linkverzeichnissen, Mailinglisten und in allen anderen Formen von Datenbanken, auf deren Inhalt externe Schreibzugriffe m\u00f6glich sind. F\u00fcr illegale, fehlerhafte oder unvollst\u00e4ndige Inhalte und insbesondere f\u00fcr Sch\u00e4den, die aus der Nutzung oder Nichtnutzung solcherart dargebotener Informationen entstehen, haftet allein der Anbieter der Seite, auf welche verwiesen wurde, nicht derjenige, der \u00fcber Links auf die jeweilige Ver\u00f6ffentlichung lediglich verweist.<\/p>\n<p>&nbsp;<\/p>\n<ol start=\"3\">\n<li>Urheber- und Kennzeichenrecht<\/li>\n<\/ol>\n<p>Der Autor ist bestrebt, in allen Publikationen die Urheberrechte der verwendeten Bilder, Grafiken, Tondokumente, Videosequenzen und Texte zu beachten, von ihm selbst erstellte Bilder, Grafiken, Tondokumente, Videosequenzen und Texte zu nutzen oder auf lizenzfreie Grafiken, Tondokumente, Videosequenzen und Texte zur\u00fcckzugreifen.<\/p>\n<p>Alle innerhalb des Internetangebotes genannten und ggf. durch Dritte gesch\u00fctzten Marken- und Warenzeichen unterliegen uneingeschr\u00e4nkt den Bestimmungen des jeweils g\u00fcltigen Kennzeichenrechts und den Besitzrechten der jeweiligen eingetragenen Eigent\u00fcmer. Allein aufgrund der blo\u00dfen Nennung ist nicht der Schluss zu ziehen, dass Markenzeichen nicht durch Rechte Dritter gesch\u00fctzt sind!<\/p>\n<p>Das Copyright f\u00fcr ver\u00f6ffentlichte, vom Autor selbst erstellte Objekte bleibt allein beim Autor der Seiten. Eine Vervielf\u00e4ltigung oder Verwendung solcher Grafiken, Tondokumente, Videosequenzen und Texte in anderen elektronischen oder gedruckten Publikationen ist ohne ausdr\u00fcckliche Zustimmung des Autors nicht gestattet.<\/p>\n<p>&nbsp;<\/p>\n<p>Datenschutz<\/p>\n<p>Sofern innerhalb des Internetangebotes die M\u00f6glichkeit zur Eingabe pers\u00f6nlicher oder gesch\u00e4ftlicher Daten (E-Mailadressen, Namen, Anschriften) besteht, so erfolgt die Preisgabe dieser Daten seitens des Nutzers auf ausdr\u00fccklich freiwilliger Basis. Die Inanspruchnahme und Bezahlung aller angebotenen Dienste ist &#8211; soweit technisch m\u00f6glich und zumutbar &#8211; auch ohne Angabe solcher Daten bzw. unter Angabe anonymisierter Daten oder eines Pseudonyms gestattet. Die Nutzung der im Rahmen des Impressums oder vergleichbarer Angaben ver\u00f6ffentlichten Kontaktdaten wie Postanschriften, Telefon- und Faxnummern sowie E-Mailadressen durch Dritte zur \u00dcbersendung von nicht ausdr\u00fccklich angeforderten Informationen ist nicht gestattet. Rechtliche Schritte gegen die Versender von sogenannten Spam-Mails bei Verst\u00f6\u00dfen gegen dieses Verbot sind ausdr\u00fccklich vorbehalten.<\/p>\n<p>&nbsp;<\/p>\n<p>&nbsp;<\/p>\n<p>Datenschutzerkl\u00e4rung f\u00fcr eine Praxishomepage<\/p>\n<p>Diese Datenschutzerkl\u00e4rung gilt f\u00fcr das Internet-Angebot<\/p>\n<p>[www.praxis-schoenian.de]. Diese ist f\u00fcr die Inhalte dieses Internet-Angebots verantwortlich. Verweise auf fremde Inhalte sind kenntlich gemacht (s.u.).<\/p>\n<p>&nbsp;<\/p>\n<p>&nbsp;<\/p>\n<p>&nbsp;<\/p>\n<p>Erhebung von Nutzungsdaten\/Nutzungsanalyse<\/p>\n<p>&nbsp;<\/p>\n<p>Die Daten werden ausschlie\u00dflich f\u00fcr statistische Zwecke genutzt. Eine Weitergabe an Dritte erfolgt nicht. Dieses Internetangebot verwendet keine Techniken, die darauf abzielen, das Zugriffsverhalten einzelner Nutzer auszuwerten. Personenbezogene Nutzungsprofile werden nicht erstellt.<\/p>\n<p>&nbsp;<\/p>\n<p>Links zu anderen Webseiten<\/p>\n<p>Unser Internet-Angebot enth\u00e4lt Verweise zu Inhalten anderer Anbieter. Diese sind durch die Angabe expliziter Links (z.B. www.internetseite.de), anhand entsprechender Hinweise im Text oder die Kennzeichnung mit dem Symbol erkennbar. Au\u00dferdem werden externe Verweise in einem eigenen Browserfenster ge\u00f6ffnet. Die Nutzung dieser fremden Inhalte unterliegt gegebenenfalls anderen Vorgaben als den hier dargestellten.<\/p>\n<p>&nbsp;<\/p>\n<p>Cookies<\/p>\n<p>In bestimmten F\u00e4llen werden so genannte tempor\u00e4re Cookies verwendet. Diese enthalten keine personenbezogenen Daten und werden nach Ablauf der Sitzung mit dem Schlie\u00dfen Ihres Web-Browsers automatisch gel\u00f6scht.<\/p>\n<p>&nbsp;<\/p>\n<p>Im Fall einer Verlinkung k\u00f6nnen Cookies von Drittanbietern zum Einsatz kommen, ohne dass wir Sie ausdr\u00fccklich darauf hinweisen k\u00f6nnen. Die g\u00e4ngigen Browser erlauben es, die Verarbeitung solcher Cookies festzulegen, so dass Sie das Speichern dieser Cookies deaktivieren bzw. die Art der Verarbeitung durch Ihren Browser einstellen k\u00f6nnen.<\/p>\n<p>&nbsp;<\/p>\n<p>Einbindung von Diensten und Inhalten Dritter<\/p>\n<p>Ich setze innerhalb meines Onlineangebotes, d.h. Interesse an der Analyse, Optimierung und wirtschaftlichen Betriebes meines Onlineangebotes im Sinne des Art. 6 Abs. 1 lit. f. DSGVO Inhalts- oder Serviceangebote von Drittanbietern ein, um deren Inhalte und Services, wie z.B. Schriftarten, Videos u. \u00e4. im Rahmen meiner berechtigten Interessen einzubinden: \u201eInhalte\u201c, im Folgenden genannt.<\/p>\n<p>Dies setzt immer voraus, dass die Drittanbieter dieser Inhalte, die IP-Adresse der Nutzer wahrnehmen, da sie ohne die IP-Adresse die Inhalte nicht an deren Browser senden k\u00f6nnten. Die IP-Adresse ist damit f\u00fcr die Darstellung dieser Inhalte erforderlich. Ich bem\u00fche mich, nur solche Inhalte zu verwenden, deren jeweilige Anbieter die IP-Adresse lediglich zur Auslieferung der Inhalte verwenden. Drittanbieter k\u00f6nnen ferner unsichtbare Grafiken, auch als &#8222;Web Beacons&#8220; bezeichnet oder auch \u201ePixel Tags\u201c genannt, f\u00fcr statistische oder Marketingzwecke verwenden. Durch die &#8222;Pixel-Tags&#8220; k\u00f6nnen Informationen, wie der Besucherverkehr auf den Seiten dieser Website ausgewertet werden. Die pseudonymisierten Informationen k\u00f6nnen auf dem Ger\u00e4t des jeweiligen Nutzers als Cookies gespeichert werden und unter anderem technische Informationen zum Browser und Betriebssystem, verweisende Webseiten, Besuchszeit sowie weitere Angaben zur Nutzung meines Onlineangebotes enthalten, als auch mit solchen Informationen aus anderen Quellen verbunden werden.<\/p>\n<p>&nbsp;<\/p>\n<p>Google Maps<\/p>\n<p>Ich binde die Landkarten des Dienstes \u201cGoogle Maps\u201d des Anbieters Google LLC, 1600 Amphitheatre Parkway, Mountain View, CA 94043, USA, in meine Internetpr\u00e4senz ein. Zu den verarbeiteten Daten k\u00f6nnen insbesondere IP-Adressen und Standortdaten des jeweiligen Nutzers geh\u00f6ren, die jedoch nicht ohne dessen Einwilligung (im Regelfall im Rahmen der Einstellungen seiner Mobilger\u00e4te vollzogen), erhoben werden. Die Daten k\u00f6nnen in den USA verarbeitet werden. Datenschutzerkl\u00e4rung: https:\/\/www.google.com\/policies\/privacy\/, Opt-Out: https:\/\/adssettings.google.com\/authenticated.<\/p>\n<p>&nbsp;<\/p>\n<p>Verschl\u00fcsselung<\/p>\n<p>&nbsp;<\/p>\n<p>Dieses Angebot unterst\u00fctzt gegenw\u00e4rtig keine Datenverschl\u00fcsselung. Bei der \u00dcbertragung Ihrer Daten im Internet besteht daher die M\u00f6glichkeit, dass diese durch Unbefugte zur Kenntnis genommen oder ver\u00e4ndert werden k\u00f6nnen.<\/p>\n","protected":false},"excerpt":{"rendered":"<p>Impressum &nbsp; Verantwortlich: (Pflichtangaben nach \u00a75 Telemediengesetz) &nbsp; Dr. med. Axel Sch\u00f6nian, Facharzt f\u00fcr Innere Medizin Hauptstra\u00dfe 59 26524 Hage Tel. 04931-930 4040 Fax. 04931-97 10 292 www.praxis-schoenian.de &nbsp; Approbation verliehen in der Bundesrepublik Deutschland 01.07.1998 &nbsp; Zust\u00e4ndige Aufsichtsbeh\u00f6rde: Kassen\u00e4rztliche Vereinigung Niedersachsen &#8211; KVN K\u00f6rperschaft des \u00f6ffentlichen Rechts Berliner Allee\u2026<\/p>\n<p> <a class=\"continue-reading-link\" href=\"https:\/\/www.praxis-schoenian.de\/?page_id=235\"><span>Continue reading<\/span><i class=\"crycon-right-dir\"><\/i><\/a> <\/p>\n","protected":false},"author":1,"featured_media":0,"parent":0,"menu_order":10,"comment_status":"closed","ping_status":"closed","template":"","meta":{"footnotes":""},"_links":{"self":[{"href":"https:\/\/www.praxis-schoenian.de\/index.php?rest_route=\/wp\/v2\/pages\/235"}],"collection":[{"href":"https:\/\/www.praxis-schoenian.de\/index.php?rest_route=\/wp\/v2\/pages"}],"about":[{"href":"https:\/\/www.praxis-schoenian.de\/index.php?rest_route=\/wp\/v2\/types\/page"}],"author":[{"embeddable":true,"href":"https:\/\/www.praxis-schoenian.de\/index.php?rest_route=\/wp\/v2\/users\/1"}],"replies":[{"embeddable":true,"href":"https:\/\/www.praxis-schoenian.de\/index.php?rest_route=%2Fwp%2Fv2%2Fcomments&post=235"}],"version-history":[{"count":1,"href":"https:\/\/www.praxis-schoenian.de\/index.php?rest_route=\/wp\/v2\/pages\/235\/revisions"}],"predecessor-version":[{"id":236,"href":"https:\/\/www.praxis-schoenian.de\/index.php?rest_route=\/wp\/v2\/pages\/235\/revisions\/236"}],"wp:attachment":[{"href":"https:\/\/www.praxis-schoenian.de\/index.php?rest_route=%2Fwp%2Fv2%2Fmedia&parent=235"}],"curies":[{"name":"wp","href":"https:\/\/api.w.org\/{rel}","templated":true}]}}