{"id":17,"date":"2017-03-10T12:24:58","date_gmt":"2017-03-10T12:24:58","guid":{"rendered":"http:\/\/praxis-schoenian.de\/?page_id=17"},"modified":"2024-10-17T20:18:59","modified_gmt":"2024-10-17T20:18:59","slug":"leistungen","status":"publish","type":"page","link":"https:\/\/www.praxis-schoenian.de\/?page_id=17","title":{"rendered":"Leistungen"},"content":{"rendered":"<p><img loading=\"lazy\" decoding=\"async\" class=\"alignright size-full wp-image-89\" src=\"http:\/\/praxis-schoenian.de\/wp-content\/uploads\/2017\/03\/P1050474.jpg\" alt=\"\" width=\"200\" height=\"455\" srcset=\"https:\/\/www.praxis-schoenian.de\/wp-content\/uploads\/2017\/03\/P1050474.jpg 200w, https:\/\/www.praxis-schoenian.de\/wp-content\/uploads\/2017\/03\/P1050474-132x300.jpg 132w, https:\/\/www.praxis-schoenian.de\/wp-content\/uploads\/2017\/03\/P1050474-66x150.jpg 66w\" sizes=\"(max-width: 200px) 100vw, 200px\" \/>Wir bieten die \u00fcblichen Leistungen einer Hausarztpraxis.<br \/>\nAn Besonderheiten bieten wir:<\/p>\n<ul>\n<li><span style=\"font-size: 12pt;\"><strong>Sonografie (= Ultraschall)<\/strong><\/span><\/li>\n<li><span style=\"font-size: 12pt;\"><strong>Ergometrie (=Belastungs-EKG)<\/strong><\/span><\/li>\n<li><span style=\"font-size: 12pt;\"><strong>Langzeit-EKG<\/strong><\/span><\/li>\n<li><span style=\"font-size: 12pt;\"><strong>Chirotherapie (= manuelle Medizin)<\/strong><\/span><span style=\"font-size: 12pt;\"><strong><br \/>\n<\/strong><\/span><\/li>\n<\/ul>\n<p>Die Praxis ist Lehrpraxis der Universit\u00e4t Oldenburg.<\/p>\n<p>Es besteht eine Weiterbildungserm\u00e4chtigung \u00fcber 18 Monate f\u00fcr das Fach &#8222;Allgemeinmedizin&#8220; nach der WBO vom 01.12.2017.<\/p>\n","protected":false},"excerpt":{"rendered":"<p>Wir bieten die \u00fcblichen Leistungen einer Hausarztpraxis. An Besonderheiten bieten wir: Sonografie (= Ultraschall) Ergometrie (=Belastungs-EKG) Langzeit-EKG Chirotherapie (= manuelle Medizin) Die Praxis ist Lehrpraxis der Universit\u00e4t Oldenburg. Es besteht eine Weiterbildungserm\u00e4chtigung \u00fcber 18 Monate f\u00fcr das Fach &#8222;Allgemeinmedizin&#8220; nach der WBO vom 01.12.2017.<\/p>\n<p> <a class=\"continue-reading-link\" href=\"https:\/\/www.praxis-schoenian.de\/?page_id=17\"><span>Continue reading<\/span><i class=\"crycon-right-dir\"><\/i><\/a> <\/p>\n","protected":false},"author":1,"featured_media":0,"parent":0,"menu_order":1,"comment_status":"closed","ping_status":"closed","template":"","meta":{"footnotes":""},"_links":{"self":[{"href":"https:\/\/www.praxis-schoenian.de\/index.php?rest_route=\/wp\/v2\/pages\/17"}],"collection":[{"href":"https:\/\/www.praxis-schoenian.de\/index.php?rest_route=\/wp\/v2\/pages"}],"about":[{"href":"https:\/\/www.praxis-schoenian.de\/index.php?rest_route=\/wp\/v2\/types\/page"}],"author":[{"embeddable":true,"href":"https:\/\/www.praxis-schoenian.de\/index.php?rest_route=\/wp\/v2\/users\/1"}],"replies":[{"embeddable":true,"href":"https:\/\/www.praxis-schoenian.de\/index.php?rest_route=%2Fwp%2Fv2%2Fcomments&post=17"}],"version-history":[{"count":16,"href":"https:\/\/www.praxis-schoenian.de\/index.php?rest_route=\/wp\/v2\/pages\/17\/revisions"}],"predecessor-version":[{"id":268,"href":"https:\/\/www.praxis-schoenian.de\/index.php?rest_route=\/wp\/v2\/pages\/17\/revisions\/268"}],"wp:attachment":[{"href":"https:\/\/www.praxis-schoenian.de\/index.php?rest_route=%2Fwp%2Fv2%2Fmedia&parent=17"}],"curies":[{"name":"wp","href":"https:\/\/api.w.org\/{rel}","templated":true}]}}