{"id":113,"date":"2017-09-10T22:37:42","date_gmt":"2017-09-10T22:37:42","guid":{"rendered":"http:\/\/praxis-schoenian.de\/?page_id=113"},"modified":"2026-01-19T08:07:19","modified_gmt":"2026-01-19T08:07:19","slug":"urlaub","status":"publish","type":"page","link":"https:\/\/www.praxis-schoenian.de\/?page_id=113","title":{"rendered":"Urlaub"},"content":{"rendered":"<p><span style=\"text-decoration: underline;\">Die Praxis ist geschlossen wegen Urlaub \/ Fortbildung am:<\/span><\/p>\n<p>-Do, 29.01. &#8211; Fr, 06.02.2026<\/p>\n<p>-Mo, 23.03. &#8211; Fr, 27.03.2026<\/p>\n<p>-Di, 26.05. &#8211; Fr, 29.05.2026<\/p>\n<p>-Do, 23.07. &#8211; Fr, 14.08.2026<\/p>\n<p>-Mo, 12.10. &#8211; Fr, 16.10.2026<\/p>\n<p>-Mo, 04.01. &#8211; Fr, 08.01.2027<\/p>\n<p>&nbsp;<\/p>\n<p><span style=\"text-decoration: underline;\">Die Vertretung \u00fcbernehmen alle haus\u00e4rztlichen Praxen in Hage und Gro\u00dfheide:<\/span><\/p>\n<p>&nbsp;<\/p>\n<p>-PD Dr. Johannes Hadem,Gro\u00dfheide, Poppenweg 50, Tel.: 04936-602 9856<\/p>\n<p>-Dipl.-Med. Michael Kluschke, Gro\u00dfheide, Schlo\u00dfstra\u00dfe 16, Tel.: 04936-8004<\/p>\n<p>-Birgit Konieczka, Hage, Hinkenaweg 19, Tel.: 04931-7327<\/p>\n<p>-Ebba Limmer, Hage, Wiesenweg 4, Tel.: 04931-7345<\/p>\n<p>-Dr. Christian L\u00f6nne, Gro\u00dfheide, Schlo\u00dfstra\u00dfe 8, Tel.: 04936-578<\/p>\n<p>-Dr. Steffen Petermann, Hage, Hauptstra\u00dfe 47, Tel.: 04931-7575<\/p>\n<p>-Eva Wortberg, &#8222;K\u00fcstenpraxis&#8220;, Hage, Hinkenaweg 24, Tel.: 04931-7153<\/p>\n<p>-Dr. Sunka de Vries, Hage, Magda-Heyken-Stra\u00dfe 37, Tel.: 04931-7979<\/p>\n","protected":false},"excerpt":{"rendered":"<p>Die Praxis ist geschlossen wegen Urlaub \/ Fortbildung am: -Do, 29.01. &#8211; Fr, 06.02.2026 -Mo, 23.03. &#8211; Fr, 27.03.2026 -Di, 26.05. &#8211; Fr, 29.05.2026 -Do, 23.07. &#8211; Fr, 14.08.2026 -Mo, 12.10. &#8211; Fr, 16.10.2026 -Mo, 04.01. &#8211; Fr, 08.01.2027 &nbsp; Die Vertretung \u00fcbernehmen alle haus\u00e4rztlichen Praxen in Hage und Gro\u00dfheide:\u2026<\/p>\n<p> <a class=\"continue-reading-link\" href=\"https:\/\/www.praxis-schoenian.de\/?page_id=113\"><span>Continue reading<\/span><i class=\"crycon-right-dir\"><\/i><\/a> <\/p>\n","protected":false},"author":1,"featured_media":0,"parent":0,"menu_order":3,"comment_status":"closed","ping_status":"closed","template":"","meta":{"footnotes":""},"_links":{"self":[{"href":"https:\/\/www.praxis-schoenian.de\/index.php?rest_route=\/wp\/v2\/pages\/113"}],"collection":[{"href":"https:\/\/www.praxis-schoenian.de\/index.php?rest_route=\/wp\/v2\/pages"}],"about":[{"href":"https:\/\/www.praxis-schoenian.de\/index.php?rest_route=\/wp\/v2\/types\/page"}],"author":[{"embeddable":true,"href":"https:\/\/www.praxis-schoenian.de\/index.php?rest_route=\/wp\/v2\/users\/1"}],"replies":[{"embeddable":true,"href":"https:\/\/www.praxis-schoenian.de\/index.php?rest_route=%2Fwp%2Fv2%2Fcomments&post=113"}],"version-history":[{"count":57,"href":"https:\/\/www.praxis-schoenian.de\/index.php?rest_route=\/wp\/v2\/pages\/113\/revisions"}],"predecessor-version":[{"id":292,"href":"https:\/\/www.praxis-schoenian.de\/index.php?rest_route=\/wp\/v2\/pages\/113\/revisions\/292"}],"wp:attachment":[{"href":"https:\/\/www.praxis-schoenian.de\/index.php?rest_route=%2Fwp%2Fv2%2Fmedia&parent=113"}],"curies":[{"name":"wp","href":"https:\/\/api.w.org\/{rel}","templated":true}]}}